{"id":415,"date":"2021-08-03T19:51:36","date_gmt":"2021-08-03T19:51:36","guid":{"rendered":"http:\/\/carlosservin.com\/?page_id=415"},"modified":"2024-05-17T17:04:59","modified_gmt":"2024-05-17T17:04:59","slug":"servicios","status":"publish","type":"page","link":"https:\/\/carlosservin.com\/en\/servicios\/","title":{"rendered":"Services"},"content":{"rendered":"<div data-elementor-type=\"wp-page\" data-elementor-id=\"415\" class=\"elementor elementor-415\" data-elementor-post-type=\"page\">\n\t\t\t\t\t\t<section class=\"elementor-section elementor-top-section elementor-element elementor-element-80acd50 elementor-section-boxed elementor-section-height-default elementor-section-height-default\" data-id=\"80acd50\" data-element_type=\"section\">\n\t\t\t\t\t\t<div class=\"elementor-container elementor-column-gap-default\">\n\t\t\t\t\t<div class=\"elementor-column elementor-col-100 elementor-top-column elementor-element elementor-element-e79d959\" data-id=\"e79d959\" data-element_type=\"column\">\n\t\t\t<div class=\"elementor-widget-wrap elementor-element-populated\">\n\t\t\t\t\t\t<div class=\"elementor-element elementor-element-e596250 elementor-widget elementor-widget-heading\" data-id=\"e596250\" data-element_type=\"widget\" data-widget_type=\"heading.default\">\n\t\t\t\t<div class=\"elementor-widget-container\">\n\t\t\t\t\t<h2 class=\"elementor-heading-title elementor-size-default\">Our Services<\/h2>\t\t\t\t<\/div>\n\t\t\t\t<\/div>\n\t\t\t\t<div class=\"elementor-element elementor-element-adfb4f0 elementor-widget elementor-widget-heading\" data-id=\"adfb4f0\" data-element_type=\"widget\" data-widget_type=\"heading.default\">\n\t\t\t\t<div class=\"elementor-widget-container\">\n\t\t\t\t\t<h2 class=\"elementor-heading-title elementor-size-default translation-block\">Carefully designing,\n<p>and finding creative solutions:<\/p><\/h2>\t\t\t\t<\/div>\n\t\t\t\t<\/div>\n\t\t\t\t\t<\/div>\n\t\t<\/div>\n\t\t\t\t\t<\/div>\n\t\t<\/section>\n\t\t\t\t<section class=\"elementor-section elementor-top-section elementor-element elementor-element-d2ba57a elementor-section-boxed elementor-section-height-default elementor-section-height-default\" data-id=\"d2ba57a\" data-element_type=\"section\">\n\t\t\t\t\t\t<div class=\"elementor-container elementor-column-gap-default\">\n\t\t\t\t\t<div class=\"elementor-column elementor-col-25 elementor-top-column elementor-element elementor-element-85c1d33\" data-id=\"85c1d33\" data-element_type=\"column\">\n\t\t\t<div class=\"elementor-widget-wrap elementor-element-populated\">\n\t\t\t\t\t\t<div class=\"elementor-element elementor-element-d07b5b0 elementor-position-top elementor-widget elementor-widget-image-box\" data-id=\"d07b5b0\" data-element_type=\"widget\" data-widget_type=\"image-box.default\">\n\t\t\t\t<div class=\"elementor-widget-container\">\n\t\t\t\t\t<div class=\"elementor-image-box-wrapper\"><figure class=\"elementor-image-box-img\"><img fetchpriority=\"high\" decoding=\"async\" width=\"412\" height=\"259\" src=\"https:\/\/carlosservin.com\/wp-content\/uploads\/2021\/08\/Asset-21.svg\" class=\"elementor-animation-grow attachment-full size-full wp-image-426\" alt=\"\" \/><\/figure><div class=\"elementor-image-box-content\"><h3 class=\"elementor-image-box-title\">Web Design<\/h3><p class=\"elementor-image-box-description\">Attractive and functional websites<\/p><\/div><\/div>\t\t\t\t<\/div>\n\t\t\t\t<\/div>\n\t\t\t\t\t<\/div>\n\t\t<\/div>\n\t\t\t\t<div class=\"elementor-column elementor-col-25 elementor-top-column elementor-element elementor-element-e5b2bd2\" data-id=\"e5b2bd2\" data-element_type=\"column\">\n\t\t\t<div class=\"elementor-widget-wrap elementor-element-populated\">\n\t\t\t\t\t\t<div class=\"elementor-element elementor-element-4e4152f elementor-position-top elementor-widget elementor-widget-image-box\" data-id=\"4e4152f\" data-element_type=\"widget\" data-widget_type=\"image-box.default\">\n\t\t\t\t<div class=\"elementor-widget-container\">\n\t\t\t\t\t<div class=\"elementor-image-box-wrapper\"><figure class=\"elementor-image-box-img\"><img decoding=\"async\" width=\"378\" height=\"269\" src=\"https:\/\/carlosservin.com\/wp-content\/uploads\/2021\/08\/Asset-20.svg\" class=\"elementor-animation-grow attachment-full size-full wp-image-425\" alt=\"\" \/><\/figure><div class=\"elementor-image-box-content\"><h3 class=\"elementor-image-box-title\">Graphic Design<\/h3><p class=\"elementor-image-box-description\">Branding &amp; Corporate Visual Identity<\/p><\/div><\/div>\t\t\t\t<\/div>\n\t\t\t\t<\/div>\n\t\t\t\t<div class=\"elementor-element elementor-element-9bb7ab1 elementor-position-top elementor-widget elementor-widget-image-box\" data-id=\"9bb7ab1\" data-element_type=\"widget\" data-widget_type=\"image-box.default\">\n\t\t\t\t<div class=\"elementor-widget-container\">\n\t\t\t\t\t<div class=\"elementor-image-box-wrapper\"><figure class=\"elementor-image-box-img\"><img decoding=\"async\" width=\"357\" height=\"335\" src=\"https:\/\/carlosservin.com\/wp-content\/uploads\/2021\/08\/Asset-24.svg\" class=\"elementor-animation-grow attachment-full size-full wp-image-429\" alt=\"\" \/><\/figure><div class=\"elementor-image-box-content\"><h3 class=\"elementor-image-box-title\">e-commerce<\/h3><p class=\"elementor-image-box-description\">Online selling platforms<\/p><\/div><\/div>\t\t\t\t<\/div>\n\t\t\t\t<\/div>\n\t\t\t\t\t<\/div>\n\t\t<\/div>\n\t\t\t\t<div class=\"elementor-column elementor-col-25 elementor-top-column elementor-element elementor-element-fe82825\" data-id=\"fe82825\" data-element_type=\"column\">\n\t\t\t<div class=\"elementor-widget-wrap elementor-element-populated\">\n\t\t\t\t\t\t<div class=\"elementor-element elementor-element-56413be elementor-position-top elementor-widget elementor-widget-image-box\" data-id=\"56413be\" data-element_type=\"widget\" data-widget_type=\"image-box.default\">\n\t\t\t\t<div class=\"elementor-widget-container\">\n\t\t\t\t\t<div class=\"elementor-image-box-wrapper\"><figure class=\"elementor-image-box-img\"><img loading=\"lazy\" decoding=\"async\" width=\"357\" height=\"357\" src=\"https:\/\/carlosservin.com\/wp-content\/uploads\/2021\/08\/Asset-23.svg\" class=\"elementor-animation-grow attachment-full size-full wp-image-428\" alt=\"\" \/><\/figure><div class=\"elementor-image-box-content\"><h3 class=\"elementor-image-box-title\">Picture &amp; Video<\/h3><p class=\"elementor-image-box-description\">Photo and video editing<\/p><\/div><\/div>\t\t\t\t<\/div>\n\t\t\t\t<\/div>\n\t\t\t\t<div class=\"elementor-element elementor-element-1e65a38 elementor-position-top elementor-widget elementor-widget-image-box\" data-id=\"1e65a38\" data-element_type=\"widget\" data-widget_type=\"image-box.default\">\n\t\t\t\t<div class=\"elementor-widget-container\">\n\t\t\t\t\t<div class=\"elementor-image-box-wrapper\"><figure class=\"elementor-image-box-img\"><img loading=\"lazy\" decoding=\"async\" width=\"379\" height=\"298\" src=\"https:\/\/carlosservin.com\/wp-content\/uploads\/2021\/08\/Asset-25.svg\" class=\"elementor-animation-grow attachment-full size-full wp-image-424\" alt=\"\" \/><\/figure><div class=\"elementor-image-box-content\"><h3 class=\"elementor-image-box-title\">Marketing<\/h3><p class=\"elementor-image-box-description\">Analytics &amp; Marketing Strategies<\/p><\/div><\/div>\t\t\t\t<\/div>\n\t\t\t\t<\/div>\n\t\t\t\t\t<\/div>\n\t\t<\/div>\n\t\t\t\t<div class=\"elementor-column elementor-col-25 elementor-top-column elementor-element elementor-element-8087d20\" data-id=\"8087d20\" data-element_type=\"column\">\n\t\t\t<div class=\"elementor-widget-wrap elementor-element-populated\">\n\t\t\t\t\t\t<div class=\"elementor-element elementor-element-83e5c82 elementor-position-top elementor-widget elementor-widget-image-box\" data-id=\"83e5c82\" data-element_type=\"widget\" data-widget_type=\"image-box.default\">\n\t\t\t\t<div class=\"elementor-widget-container\">\n\t\t\t\t\t<div class=\"elementor-image-box-wrapper\"><figure class=\"elementor-image-box-img\"><img loading=\"lazy\" decoding=\"async\" width=\"357\" height=\"353\" src=\"https:\/\/carlosservin.com\/wp-content\/uploads\/2021\/08\/Asset-22.svg\" class=\"elementor-animation-grow attachment-full size-full wp-image-427\" alt=\"\" \/><\/figure><div class=\"elementor-image-box-content\"><h3 class=\"elementor-image-box-title\">Digital solutions<\/h3><p class=\"elementor-image-box-description\">Making your bussiness more efficient<\/p><\/div><\/div>\t\t\t\t<\/div>\n\t\t\t\t<\/div>\n\t\t\t\t\t<\/div>\n\t\t<\/div>\n\t\t\t\t\t<\/div>\n\t\t<\/section>\n\t\t\t\t<section class=\"elementor-section elementor-top-section elementor-element elementor-element-a203ae4 elementor-section-boxed elementor-section-height-default elementor-section-height-default\" data-id=\"a203ae4\" data-element_type=\"section\">\n\t\t\t\t\t\t<div class=\"elementor-container elementor-column-gap-default\">\n\t\t\t\t\t<div class=\"elementor-column elementor-col-100 elementor-top-column elementor-element elementor-element-d66ee18\" data-id=\"d66ee18\" data-element_type=\"column\">\n\t\t\t<div class=\"elementor-widget-wrap elementor-element-populated\">\n\t\t\t\t\t\t<div class=\"elementor-element elementor-element-3b18666 elementor-widget elementor-widget-heading\" data-id=\"3b18666\" data-element_type=\"widget\" data-widget_type=\"heading.default\">\n\t\t\t\t<div class=\"elementor-widget-container\">\n\t\t\t\t\t<h2 class=\"elementor-heading-title elementor-size-default\">Our Latest Projects<\/h2>\t\t\t\t<\/div>\n\t\t\t\t<\/div>\n\t\t\t\t\t<\/div>\n\t\t<\/div>\n\t\t\t\t\t<\/div>\n\t\t<\/section>\n\t\t\t\t<section class=\"elementor-section elementor-top-section elementor-element elementor-element-66ed0507 animated-slow elementor-section-boxed elementor-section-height-default elementor-section-height-default elementor-invisible\" data-id=\"66ed0507\" data-element_type=\"section\" data-settings=\"{&quot;animation&quot;:&quot;fadeIn&quot;}\">\n\t\t\t\t\t\t<div class=\"elementor-container elementor-column-gap-default\">\n\t\t\t\t\t<div class=\"elementor-column elementor-col-33 elementor-top-column elementor-element elementor-element-3e77f5be\" data-id=\"3e77f5be\" data-element_type=\"column\">\n\t\t\t<div class=\"elementor-widget-wrap elementor-element-populated\">\n\t\t\t\t\t\t<div class=\"elementor-element elementor-element-348bd8d5 elementor-position-top elementor-widget elementor-widget-image-box\" data-id=\"348bd8d5\" data-element_type=\"widget\" data-widget_type=\"image-box.default\">\n\t\t\t\t<div class=\"elementor-widget-container\">\n\t\t\t\t\t<div class=\"elementor-image-box-wrapper\"><figure class=\"elementor-image-box-img\"><a href=\"https:\/\/serviciosdevalor.com\" tabindex=\"-1\"><img loading=\"lazy\" decoding=\"async\" width=\"831\" height=\"663\" src=\"https:\/\/carlosservin.com\/wp-content\/uploads\/2024\/03\/Artboard-7.jpg\" class=\"attachment-full size-full wp-image-673\" alt=\"Website - Mirtomacteni\" srcset=\"https:\/\/carlosservin.com\/wp-content\/uploads\/2024\/03\/Artboard-7.jpg 831w, https:\/\/carlosservin.com\/wp-content\/uploads\/2024\/03\/Artboard-7-300x239.jpg 300w, https:\/\/carlosservin.com\/wp-content\/uploads\/2024\/03\/Artboard-7-768x613.jpg 768w, https:\/\/carlosservin.com\/wp-content\/uploads\/2024\/03\/Artboard-7-15x12.jpg 15w\" sizes=\"(max-width: 831px) 100vw, 831px\" \/><\/a><\/figure><div class=\"elementor-image-box-content\"><h3 class=\"elementor-image-box-title\"><a href=\"https:\/\/serviciosdevalor.com\">Mirtomacteno Pintor y Escritor<\/a><\/h3><p class=\"elementor-image-box-description\">Website \/ E-commerce \/ Copywriting<\/p><\/div><\/div>\t\t\t\t<\/div>\n\t\t\t\t<\/div>\n\t\t\t\t\t<\/div>\n\t\t<\/div>\n\t\t\t\t<div class=\"elementor-column elementor-col-33 elementor-top-column elementor-element elementor-element-5cc6efd9\" data-id=\"5cc6efd9\" data-element_type=\"column\">\n\t\t\t<div class=\"elementor-widget-wrap elementor-element-populated\">\n\t\t\t\t\t\t<div class=\"elementor-element elementor-element-14ffa8b3 elementor-position-top elementor-widget elementor-widget-image-box\" data-id=\"14ffa8b3\" data-element_type=\"widget\" data-widget_type=\"image-box.default\">\n\t\t\t\t<div class=\"elementor-widget-container\">\n\t\t\t\t\t<div class=\"elementor-image-box-wrapper\"><figure class=\"elementor-image-box-img\"><a href=\"https:\/\/skyinn.com\" tabindex=\"-1\"><img loading=\"lazy\" decoding=\"async\" width=\"831\" height=\"663\" src=\"https:\/\/carlosservin.com\/wp-content\/uploads\/2024\/03\/Artboard-3.jpg\" class=\"attachment-full size-full wp-image-679\" alt=\"Website - Servicio Integral de Empaque\" srcset=\"https:\/\/carlosservin.com\/wp-content\/uploads\/2024\/03\/Artboard-3.jpg 831w, https:\/\/carlosservin.com\/wp-content\/uploads\/2024\/03\/Artboard-3-300x239.jpg 300w, https:\/\/carlosservin.com\/wp-content\/uploads\/2024\/03\/Artboard-3-768x613.jpg 768w, https:\/\/carlosservin.com\/wp-content\/uploads\/2024\/03\/Artboard-3-15x12.jpg 15w\" sizes=\"(max-width: 831px) 100vw, 831px\" \/><\/a><\/figure><div class=\"elementor-image-box-content\"><h3 class=\"elementor-image-box-title\"><a href=\"https:\/\/skyinn.com\">Servicio Integral de Empaque<\/a><\/h3><p class=\"elementor-image-box-description\">Website \/ Google Ads \/ 3D Modelling \/ Copywriting<\/p><\/div><\/div>\t\t\t\t<\/div>\n\t\t\t\t<\/div>\n\t\t\t\t\t<\/div>\n\t\t<\/div>\n\t\t\t\t<div class=\"elementor-column elementor-col-33 elementor-top-column elementor-element elementor-element-2a0582ce\" data-id=\"2a0582ce\" data-element_type=\"column\">\n\t\t\t<div class=\"elementor-widget-wrap elementor-element-populated\">\n\t\t\t\t\t\t<div class=\"elementor-element elementor-element-2a4009f5 elementor-position-top elementor-widget elementor-widget-image-box\" data-id=\"2a4009f5\" data-element_type=\"widget\" data-widget_type=\"image-box.default\">\n\t\t\t\t<div class=\"elementor-widget-container\">\n\t\t\t\t\t<div class=\"elementor-image-box-wrapper\"><figure class=\"elementor-image-box-img\"><a href=\"http:\/\/legacytc.mx\" tabindex=\"-1\"><img loading=\"lazy\" decoding=\"async\" width=\"831\" height=\"663\" src=\"https:\/\/carlosservin.com\/wp-content\/uploads\/2024\/03\/Artboard-4.jpg\" class=\"attachment-full size-full wp-image-680\" alt=\"Website - Legacy TC\" srcset=\"https:\/\/carlosservin.com\/wp-content\/uploads\/2024\/03\/Artboard-4.jpg 831w, https:\/\/carlosservin.com\/wp-content\/uploads\/2024\/03\/Artboard-4-300x239.jpg 300w, https:\/\/carlosservin.com\/wp-content\/uploads\/2024\/03\/Artboard-4-768x613.jpg 768w, https:\/\/carlosservin.com\/wp-content\/uploads\/2024\/03\/Artboard-4-15x12.jpg 15w\" sizes=\"(max-width: 831px) 100vw, 831px\" \/><\/a><\/figure><div class=\"elementor-image-box-content\"><h3 class=\"elementor-image-box-title\"><a href=\"http:\/\/legacytc.mx\">Legacy Tanques Cerveceros<\/a><\/h3><p class=\"elementor-image-box-description\">Website \/ 3D Modelling \/ Copywriting<\/p><\/div><\/div>\t\t\t\t<\/div>\n\t\t\t\t<\/div>\n\t\t\t\t\t<\/div>\n\t\t<\/div>\n\t\t\t\t\t<\/div>\n\t\t<\/section>\n\t\t\t\t<section class=\"elementor-section elementor-top-section elementor-element elementor-element-44f6a05 elementor-section-boxed elementor-section-height-default elementor-section-height-default\" data-id=\"44f6a05\" data-element_type=\"section\">\n\t\t\t\t\t\t<div class=\"elementor-container elementor-column-gap-default\">\n\t\t\t\t\t<div class=\"elementor-column elementor-col-100 elementor-top-column elementor-element elementor-element-d2e0e6a\" data-id=\"d2e0e6a\" data-element_type=\"column\">\n\t\t\t<div class=\"elementor-widget-wrap elementor-element-populated\">\n\t\t\t\t\t\t<div class=\"elementor-element elementor-element-ac5c6b9 elementor-widget elementor-widget-heading\" data-id=\"ac5c6b9\" data-element_type=\"widget\" data-widget_type=\"heading.default\">\n\t\t\t\t<div class=\"elementor-widget-container\">\n\t\t\t\t\t<h2 class=\"elementor-heading-title elementor-size-default\">Let's work on your next creative project!<\/h2>\t\t\t\t<\/div>\n\t\t\t\t<\/div>\n\t\t\t\t<div class=\"elementor-element elementor-element-c4e00bd elementor-button-align-stretch elementor-widget elementor-widget-form\" data-id=\"c4e00bd\" data-element_type=\"widget\" data-settings=\"{&quot;step_next_label&quot;:&quot;Next&quot;,&quot;step_previous_label&quot;:&quot;Previous&quot;,&quot;button_width&quot;:&quot;100&quot;,&quot;step_type&quot;:&quot;number_text&quot;,&quot;step_icon_shape&quot;:&quot;circle&quot;}\" data-widget_type=\"form.default\">\n\t\t\t\t<div class=\"elementor-widget-container\">\n\t\t\t\t\t\t\t<form class=\"elementor-form\" method=\"post\" name=\"contacto\" action=\"\">\n\t\t\t<input type=\"hidden\" name=\"post_id\" value=\"415\"\/>\n\t\t\t<input type=\"hidden\" name=\"form_id\" value=\"c4e00bd\"\/>\n\t\t\t<input type=\"hidden\" name=\"referer_title\" value=\"\" \/>\n\n\t\t\t\n\t\t\t<div class=\"elementor-form-fields-wrapper elementor-labels-\">\n\t\t\t\t\t\t\t\t<div class=\"elementor-field-type-text elementor-field-group elementor-column elementor-field-group-correo elementor-col-100 elementor-field-required\">\n\t\t\t\t\t\t\t\t\t\t\t\t<label for=\"form-field-correo\" class=\"elementor-field-label elementor-screen-only\">\n\t\t\t\t\t\t\t\tName\t\t\t\t\t\t\t<\/label>\n\t\t\t\t\t\t\t\t\t\t\t\t\t\t<input size=\"1\" type=\"text\" name=\"form_fields[correo]\" id=\"form-field-correo\" class=\"elementor-field elementor-size-sm  elementor-field-textual\" placeholder=\"Name\" required=\"required\" aria-required=\"true\">\n\t\t\t\t\t\t\t\t\t\t\t<\/div>\n\t\t\t\t\t\t\t\t<div class=\"elementor-field-type-email elementor-field-group elementor-column elementor-field-group-field_078e78d elementor-col-50 elementor-field-required\">\n\t\t\t\t\t\t\t\t\t\t\t\t<label for=\"form-field-field_078e78d\" class=\"elementor-field-label elementor-screen-only\">\n\t\t\t\t\t\t\t\tEmail\t\t\t\t\t\t\t<\/label>\n\t\t\t\t\t\t\t\t\t\t\t\t\t\t<input size=\"1\" type=\"email\" name=\"form_fields[field_078e78d]\" id=\"form-field-field_078e78d\" class=\"elementor-field elementor-size-sm  elementor-field-textual\" placeholder=\"Email\" required=\"required\" aria-required=\"true\">\n\t\t\t\t\t\t\t\t\t\t\t<\/div>\n\t\t\t\t\t\t\t\t<div class=\"elementor-field-type-tel elementor-field-group elementor-column elementor-field-group-telef elementor-col-50 elementor-field-required\">\n\t\t\t\t\t\t\t\t\t\t\t\t<label for=\"form-field-telef\" class=\"elementor-field-label elementor-screen-only\">\n\t\t\t\t\t\t\t\tPhone number\t\t\t\t\t\t\t<\/label>\n\t\t\t\t\t\t\t\t<input size=\"1\" type=\"tel\" name=\"form_fields[telef]\" id=\"form-field-telef\" class=\"elementor-field elementor-size-sm  elementor-field-textual\" placeholder=\"Phone number\" required=\"required\" aria-required=\"true\" pattern=\"[0-9()#&amp;+*-=.]+\" title=\"Only numbers and phone characters (#, -, *, etc) are accepted.\">\n\n\t\t\t\t\t\t<\/div>\n\t\t\t\t\t\t\t\t<div class=\"elementor-field-type-textarea elementor-field-group elementor-column elementor-field-group-mensaje elementor-col-100\">\n\t\t\t\t\t\t\t\t\t\t\t\t<label for=\"form-field-mensaje\" class=\"elementor-field-label elementor-screen-only\">\n\t\t\t\t\t\t\t\tMessage\t\t\t\t\t\t\t<\/label>\n\t\t\t\t\t\t<textarea class=\"elementor-field-textual elementor-field  elementor-size-sm\" name=\"form_fields[mensaje]\" id=\"form-field-mensaje\" rows=\"7\" placeholder=\"Your message\"><\/textarea>\t\t\t\t<\/div>\n\t\t\t\t\t\t\t\t<div class=\"elementor-field-group elementor-column elementor-field-type-submit elementor-col-100 e-form__buttons\">\n\t\t\t\t\t<button class=\"elementor-button elementor-size-sm\" type=\"submit\">\n\t\t\t\t\t\t<span class=\"elementor-button-content-wrapper\">\n\t\t\t\t\t\t\t\t\t\t\t\t\t\t\t\t\t\t\t\t\t\t<span class=\"elementor-button-text\">Submit<\/span>\n\t\t\t\t\t\t\t\t\t\t\t\t\t<\/span>\n\t\t\t\t\t<\/button>\n\t\t\t\t<\/div>\n\t\t\t<\/div>\n\t\t<input type=\"hidden\" name=\"trp-form-language\" value=\"en\"\/><\/form>\n\t\t\t\t\t\t<\/div>\n\t\t\t\t<\/div>\n\t\t\t\t\t<\/div>\n\t\t<\/div>\n\t\t\t\t\t<\/div>\n\t\t<\/section>\n\t\t\t\t<\/div>","protected":false},"excerpt":{"rendered":"<p>Nuestros servicios Dise\u00f1o cuidadoso, usando soluciones creativas: Dise\u00f1o Web Sitios atractivos y funcionales Dise\u00f1o Gr\u00e1fico Branding e imagen corporativa e-commerce Plataformas de venta digitales Imagen y video Edici\u00f3n de video e im\u00e1genes Marketing Estad\u00edsticas y mercadeo Soluciones digitales Para eficientar tu negocio \u00daltimos proyectos Mirtomacteno Pintor y Escritor Sitio web \/ Ecommerce \/ Suscripciones \/&#8230;<\/p>","protected":false},"author":1,"featured_media":0,"parent":0,"menu_order":0,"comment_status":"closed","ping_status":"closed","template":"","meta":{"_kad_post_transparent":"","_kad_post_title":"hide","_kad_post_layout":"fullwidth","_kad_post_sidebar_id":"","_kad_post_content_style":"unboxed","_kad_post_vertical_padding":"hide","_kad_post_feature":"hide","_kad_post_feature_position":"","_kad_post_header":false,"_kad_post_footer":false,"footnotes":""},"class_list":["post-415","page","type-page","status-publish","hentry"],"aioseo_notices":[],"_links":{"self":[{"href":"https:\/\/carlosservin.com\/en\/wp-json\/wp\/v2\/pages\/415","targetHints":{"allow":["GET"]}}],"collection":[{"href":"https:\/\/carlosservin.com\/en\/wp-json\/wp\/v2\/pages"}],"about":[{"href":"https:\/\/carlosservin.com\/en\/wp-json\/wp\/v2\/types\/page"}],"author":[{"embeddable":true,"href":"https:\/\/carlosservin.com\/en\/wp-json\/wp\/v2\/users\/1"}],"replies":[{"embeddable":true,"href":"https:\/\/carlosservin.com\/en\/wp-json\/wp\/v2\/comments?post=415"}],"version-history":[{"count":40,"href":"https:\/\/carlosservin.com\/en\/wp-json\/wp\/v2\/pages\/415\/revisions"}],"predecessor-version":[{"id":849,"href":"https:\/\/carlosservin.com\/en\/wp-json\/wp\/v2\/pages\/415\/revisions\/849"}],"wp:attachment":[{"href":"https:\/\/carlosservin.com\/en\/wp-json\/wp\/v2\/media?parent=415"}],"curies":[{"name":"wp","href":"https:\/\/api.w.org\/{rel}","templated":true}]}}